{"id":98,"date":"2024-05-21T14:38:14","date_gmt":"2024-05-21T12:38:14","guid":{"rendered":"https:\/\/seopartenaireecoles.com\/en\/?page_id=98"},"modified":"2025-08-20T17:44:40","modified_gmt":"2025-08-20T15:44:40","slug":"conditions-generales-de-vente","status":"publish","type":"page","link":"https:\/\/seopartenaireecoles.com\/en\/conditions-generales-de-vente\/","title":{"rendered":"Conditions g\u00e9n\u00e9rales de vente"},"content":{"rendered":"\n<p>Toute commande dans notre boutique implique l\u2019acceptation de nos conditions g\u00e9n\u00e9rales de ventes.<\/p>\n\n\n\n<p>\u2022 Identification<br>Raison sociale : Rank-Brain<br>Si\u00e8ge social : 32b, rue des Villas, 33110, Le Bouscat \u2013 France<br>T\u00e9l\u00e9phone : 06 30 46 35 05<br>E-mail : contact@rank-brain.fr<br>Site web : https:\/\/seopartenaireecoles.com\/en<br>N\u00b0 SIRET : 98885991400018<\/p>\n\n\n\n<p>\u2022 Conditions g\u00e9n\u00e9rales de ventes<br>Pr\u00e9ambule<br>Le site seopartenaireecoles.com\/en est la propri\u00e9t\u00e9 de la soci\u00e9t\u00e9 Victor Collas en sa totalit\u00e9, ainsi que l\u2019ensemble des droits y aff\u00e9rents. Toute reproduction, int\u00e9grale ou partielle, est syst\u00e9matiquement soumise a l\u2019autorisation des propri\u00e9taires. Toutefois, les liaisons du type hypertextes vers le site sont autoris\u00e9es sans demandes sp\u00e9cifiques.<\/p>\n\n\n\n<p>1. Domaine d\u2019application et acceptation des conditions<br>Les conditions g\u00e9n\u00e9rales de vente s\u2019appliquent de fa\u00e7on exclusive aux relations commerciales actuelles et futures existant entre seopartenaireecoles.com\/en et l\u2019auteur de la commande pass\u00e9e sur le site \u00ab seopartenaireecoles.com\/en \u00bb, disponible \u00e0 l\u2019adresse https:\/\/seopartenaireecoles.com\/en. Toute condition non conforme \u00e0 nos conditions g\u00e9n\u00e9rales que le client aurait formul\u00e9e sera rejet\u00e9e \u00e0 moins que seopartenaireecoles.com\/en n\u2019en ait express\u00e9ment et par \u00e9crit reconnu l\u2019applicabilit\u00e9.<br>seopartenaireecoles.com\/en peut modifier les pr\u00e9sentes conditions g\u00e9n\u00e9rales de vente \u00e0 tout moment sous r\u00e9serve de faire appara\u00eetre ces modifications sur son site.<br>Le client reconna\u00eet avoir pris connaissance, au moment de la passation de commande, des conditions particuli\u00e8res de vente \u00e9nonc\u00e9es sur cet \u00e9cran et d\u00e9clare express\u00e9ment les accepter sans r\u00e9serve.<br>Les pr\u00e9sentes conditions g\u00e9n\u00e9rales de vente r\u00e9gissent les relations contractuelles entreseopartenaireecoles.com\/en et son client, les deux parties les acceptant sans r\u00e9serve. Ces conditions g\u00e9n\u00e9rales de vente pr\u00e9vaudront sur toutes autres conditions figurant dans tout autre document, sauf d\u00e9rogation pr\u00e9alable, expresse et \u00e9crite.<br>Les informations sur les d\u00e9lais de livraison et disponibilit\u00e9s des produits affich\u00e9es sur le site ne sont donn\u00e9es qu\u2019\u00e0 titre indicatif.<br>Toute mise en r\u00e9seau, toute rediffusion, sous quelque forme, m\u00eame partielle, des contenus achet\u00e9s sur ce site sont strictement interdites.<br>La violation de ces dispositions imp\u00e9ratives soumet le contrevenant, et toute personne responsable, aux peines p\u00e9nales et civiles pr\u00e9vues par la loi.<\/p>\n\n\n\n<p>2. Produits<br>Les photographies illustrant les produits et services, n\u2019entrent pas dans le champ contractuel. Si des erreurs s\u2019y sont introduites, en aucun cas, la responsabilit\u00e9 de seopartenaireecoles.com\/en ne pourra \u00eatre engag\u00e9e. La majorit\u00e9 des produits propos\u00e9s \u00e0 ses clients par seopartenaireecoles.com\/en sont disponibles en stock.<\/p>\n\n\n\n<p>3. Commande<br>Les syst\u00e8mes d\u2019enregistrement automatique sont consid\u00e9r\u00e9s comme valant preuve, de la nature, du contenu et de la date de la commande. seopartenaireecoles.com\/en confirme l\u2019acceptation de sa commande au client \u00e0 l\u2019adresse mail que celui-ci aura communiqu\u00e9e. seopartenaireecoles.com\/en se r\u00e9serve le droit d\u2019annuler toute commande d\u2019un client avec lequel existerait un litige relatif au paiement d\u2019une commande ant\u00e9rieure. Les informations \u00e9nonc\u00e9es par l\u2019acheteur, lors de la prise de commande engagent celui-ci : en cas d\u2019erreur dans le libell\u00e9 des coordonn\u00e9es du destinataire, le vendeur ne saurait \u00eatre tenu responsable de l\u2019impossibilit\u00e9 dans laquelle il pourrait \u00eatre de livrer le produit.<\/p>\n\n\n\n<p>4. Livraison<br>Apr\u00e8s prise en compte d\u2019une commande, seopartenaireecoles.com\/en confirme la commande effectu\u00e9e par le client. Apr\u00e8s confirmation de commande, seopartenaireecoles.com\/en s\u2019engage \u00e0 livrer toutes les r\u00e9f\u00e9rences command\u00e9es par l\u2019acheteur et ce dans un d\u00e9lai maximum de 48h ouvr\u00e9es, sauf exception d\u00fbment explicit\u00e9e sur le site dans la fiche descriptive de l\u2019article ou sur la page d\u2019accueil du site.<br>Toutes les commandes pass\u00e9es \u00e0 seopartenaireecoles.com\/en sont destin\u00e9es \u00e0 l\u2019usage personnel des clients, les clients ou les destinataires des produits s\u2019interdisent toute revente partielle ou totale des produits. seopartenaireecoles.com\/en se d\u00e9gage de fait de toute responsabilit\u00e9 juridique si l\u2019acquittement des taxes n\u2019\u00e9tait pas effectu\u00e9e par le client.<br>Les logiciels et autres biens num\u00e9riques sont envoy\u00e9s directement par l\u2019Internet \u00e0 l\u2019adresse e-mail fournie par le client.<\/p>\n\n\n\n<p>5. R\u00e9tractation<br>Les documents \u00e9tant envoy\u00e9s au format num\u00e9rique, aucune demande de r\u00e9tractation n\u2019est possible sur ce site suite \u00e0 une commande. Dans le cas d\u2019un document t\u00e9l\u00e9chargeable de type \u00ab Guide PDF \u00bb, tout achat est d\u00fb et ne peut faire l\u2019objet d\u2019une retrait de paiement ou d\u2019une proc\u00e9dure de r\u00e9tractation de paiement.<\/p>\n\n\n\n<p>6. Prix<br>Le prix est exprim\u00e9 en euros.<br>Le prix indiqu\u00e9 dans la confirmation de commande est le prix d\u00e9finitif, exprim\u00e9 toutes taxes comprises et incluant la TVA pour la France et les pays de la CEE (si le client ne dispose pas d\u2019un de num\u00e9ro de TVA intracommunautaire) .<\/p>\n\n\n\n<p>7. Paiement<br>Le prix factur\u00e9 au client est le prix indiqu\u00e9 sur la confirmation de commande adress\u00e9e par seopartenaireecoles.com\/en.<br>Le prix des produits est payable au comptant le jour de la commande effective.<br>Le paiement s\u2019effectue par carte bancaire portant le sigle CB ou Paypal.<br>Le paiement en ligne par paiement SSL vous permet de r\u00e9gler via un serveur bancaire dans un environnement s\u00e9curis\u00e9. Les informations transmises sont crypt\u00e9es par un logiciel et ne peuvent \u00eatre lues au cours du transport sur le r\u00e9seau. Le paiement par ch\u00e8que bancaire n\u2019est possible que pour des ch\u00e8ques en euros tir\u00e9s sur une banque domicili\u00e9e en France ou \u00e0 Monaco.<br>La commande valid\u00e9e par le client ne sera consid\u00e9r\u00e9e effective que lorsque les centres de paiement bancaire concern\u00e9s auront donn\u00e9 leur accord. En cas de refus des dits centres, la commande sera automatiquement annul\u00e9e et le client pr\u00e9venu par courrier \u00e9lectronique. Par ailleurs, seopartenaireecoles.com\/en se r\u00e9serve le droit de refuser toute commande d\u2019un client avec lequel existerait un litige.<\/p>\n\n\n\n<p>8. Litiges<br>Le pr\u00e9sent contrat est soumis au droit fran\u00e7ais. seopartenaireecoles.com\/en ne peut \u00eatre tenu pour responsable des dommages de toute nature, tant mat\u00e9riels qu\u2019immat\u00e9riels ou corporels, qui pourraient r\u00e9sulter d\u2019un mauvais fonctionnement ou de la mauvaise utilisation des produits commercialis\u00e9s. Il en est de m\u00eame pour les \u00e9ventuelles modifications des produits r\u00e9sultant des fabricants. La responsabilit\u00e9 de seopartenaireecoles.com\/en sera, en tout \u00e9tat de cause, limit\u00e9e au montant de la commande et ne saurait \u00eatre mise en cause pour de simples erreurs ou omissions qui auraient pu subsister malgr\u00e9 toutes les pr\u00e9cautions prises dans la pr\u00e9sentation des produits En cas de difficult\u00e9s dans l\u2019application du pr\u00e9sent contrat, l\u2019acheteur a la possibilit\u00e9, avant toute action en justice, de rechercher une solution amiable notamment avec l\u2019aide d\u2019une association professionnelle de la branche , d\u2019une association de consommateurs ou de tout autre conseil de son choix . Il est rappel\u00e9 que la recherche de la solution amiable n\u2019interrompt pas le \u00bb bref d\u00e9lai \u00bb de la garantie l\u00e9gale, ni la dur\u00e9e de la garantie contractuelle. Il est rappel\u00e9 qu\u2019en r\u00e8gle g\u00e9n\u00e9rale et sous r\u00e9serve de l\u2019appr\u00e9ciation des Tribunaux, le respect des dispositions du pr\u00e9sent contrat relatives \u00e0 la garantie contractuelle suppose que l\u2019acheteur honore ses engagements financiers envers le vendeur.<br>Les r\u00e9clamations ou contestations seront toujours re\u00e7ues avec bienveillance attentive, la bonne foi \u00e9tant toujours pr\u00e9sum\u00e9e chez celui qui prend la peine d\u2019exposer ses situations. En cas de litige, le client s\u2019adressera par priorit\u00e9 \u00e0 l\u2019entreprise pour obtenir une solution amiable.<br>A d\u00e9faut, le Tribunal de Commerce de Strasbourg est seul comp\u00e9tent, quels que soient le lieu de livraison et le mode de paiement accept\u00e9s.<\/p>\n\n\n\n<p>9. Garantie<br>Dans tous les cas seopartenaireecoles.com\/en ne pourra \u00eatre tenu pour responsable pour non respect des dispositions r\u00e9glementaires et l\u00e9gislatives en vigueur dans le pays de r\u00e9ception, la responsabilit\u00e9 de seopartenaireecoles.com\/en est syst\u00e9matiquement limit\u00e9e a la valeur du produit mis en cause, valeur a sa date de vente et ce sans possibilit\u00e9s de recours envers la marque ou la soci\u00e9t\u00e9 productrice du produit.<br>En toute hypoth\u00e8se, le client b\u00e9n\u00e9ficie de la garantie l\u00e9gale d\u2019\u00e9viction et des vices cach\u00e9s (Art.1625 et suivants du Code Civil). A la condition que l\u2019acheteur fasse la preuve du d\u00e9faut cach\u00e9, le vendeur doit l\u00e9galement en r\u00e9parer toutes les cons\u00e9quences (art.1641 et suivants du code civil) ; si l\u2019acheteur s\u2019adresse aux tribunaux, il doit le faire dans un \u00bb bref d\u00e9lai \u00bb \u00e0 compter de la d\u00e9couverte du d\u00e9faut cach\u00e9 (art.1648 du code civil). Vous pouvez contacter le service clients : 5 jours sur 7 ( du lundi au vendredi inclus) au N\u00b0 de t\u00e9l :+33 3 88 08 83 26 ou par mail \u00e0 contact@rank-brain.fr (r\u00e9ponse dans les 24 heures).<\/p>\n\n\n\n<p>10. Informations l\u00e9gales<br>Le renseignement des informations nominatives collect\u00e9es aux fins de la vente \u00e0 distance est obligatoire, ces informations \u00e9tant indispensables pour le traitement et l\u2019acheminement des commandes, l\u2019\u00e9tablissement des factures et contrats de garantie. Le d\u00e9faut de renseignement entra\u00eene la non validation de la commande. Conform\u00e9ment \u00e0 la loi \u00bb Informatique et Libert\u00e9s \u00ab , le traitement des informations nominatives relatives aux clients a fait l\u2019objet d\u2019une d\u00e9claration aupr\u00e8s de la Commission Nationale de l\u2019Informatique et des Libert\u00e9s (CNIL). Le client dispose (article 34 de la loi du 6 janvier 1978) d\u2019un droit d\u2019acc\u00e8s, de modification, de rectification et de suppression des donn\u00e9es qui le concernent, qu\u2019il peut exercer aupr\u00e8s de seopartenaireecoles.com\/en. De plus, seopartenaireecoles.com\/en s\u2019engage \u00e0 ne pas communiquer, gratuitement ou avec contrepartie, les coordonn\u00e9es de ses clients \u00e0 un tiers.<br>Mineurs : en vertu de l\u2019ordonnance n\u00b059-107 du 7 janvier 1959 et de la loi n\u00b074-631 du 5 juillet 1974, la vente d\u2019alcool \u00e0 des mineurs de moins de 16 ans est interdite. Toute personne commandant du vin ou de la bi\u00e8re ou toutes formes de boissons alcoolis\u00e9e chez seopartenaireecoles.com\/en s\u2019engage donc \u00e0 avoir 16 ans r\u00e9volus \u00e0 la date de la commande.<\/p>\n","protected":false},"excerpt":{"rendered":"<p>Toute commande dans notre boutique implique l\u2019acceptation de nos conditions g\u00e9n\u00e9rales de ventes. \u2022 IdentificationRaison sociale : Rank-BrainSi\u00e8ge social : 32b, rue des Villas, 33110, Le Bouscat \u2013 FranceT\u00e9l\u00e9phone : 06 30 46 35 05E-mail : contact@rank-brain.frSite web : https:\/\/seopartenaireecoles.com\/enN\u00b0 SIRET : 98885991400018 \u2022 Conditions g\u00e9n\u00e9rales de ventesPr\u00e9ambuleLe site seopartenaireecoles.com\/en est la propri\u00e9t\u00e9 de la [&hellip;]<\/p>\n","protected":false},"author":1,"featured_media":0,"parent":0,"menu_order":0,"comment_status":"closed","ping_status":"closed","template":"","meta":{"footnotes":""},"class_list":["post-98","page","type-page","status-publish","hentry"],"yoast_head":"<!-- This site is optimized with the Yoast SEO plugin v25.3.1 - https:\/\/yoast.com\/wordpress\/plugins\/seo\/ -->\n<title>Conditions g\u00e9n\u00e9rales de vente - EN<\/title>\n<meta name=\"robots\" content=\"noindex, follow\" \/>\n<meta property=\"og:locale\" content=\"en_US\" \/>\n<meta property=\"og:type\" content=\"article\" \/>\n<meta property=\"og:title\" content=\"Conditions g\u00e9n\u00e9rales de vente - EN\" \/>\n<meta property=\"og:description\" content=\"Toute commande dans notre boutique implique l\u2019acceptation de nos conditions g\u00e9n\u00e9rales de ventes. \u2022 IdentificationRaison sociale : Rank-BrainSi\u00e8ge social : 32b, rue des Villas, 33110, Le Bouscat \u2013 FranceT\u00e9l\u00e9phone : 06 30 46 35 05E-mail : contact@rank-brain.frSite web : https:\/\/seopartenaireecoles.com\/enN\u00b0 SIRET : 98885991400018 \u2022 Conditions g\u00e9n\u00e9rales de ventesPr\u00e9ambuleLe site seopartenaireecoles.com\/en est la propri\u00e9t\u00e9 de la [&hellip;]\" \/>\n<meta property=\"og:url\" content=\"https:\/\/seopartenaireecoles.com\/en\/conditions-generales-de-vente\/\" \/>\n<meta property=\"og:site_name\" content=\"EN\" \/>\n<meta property=\"article:modified_time\" content=\"2025-08-20T15:44:40+00:00\" \/>\n<meta name=\"twitter:card\" content=\"summary_large_image\" \/>\n<meta name=\"twitter:label1\" content=\"Est. reading time\" \/>\n\t<meta name=\"twitter:data1\" content=\"7 minutes\" \/>\n<script type=\"application\/ld+json\" class=\"yoast-schema-graph\">{\"@context\":\"https:\/\/schema.org\",\"@graph\":[{\"@type\":\"WebPage\",\"@id\":\"https:\/\/seopartenaireecoles.com\/en\/conditions-generales-de-vente\/\",\"url\":\"https:\/\/seopartenaireecoles.com\/en\/conditions-generales-de-vente\/\",\"name\":\"Conditions g\u00e9n\u00e9rales de vente - EN\",\"isPartOf\":{\"@id\":\"https:\/\/seopartenaireecoles.com\/en\/#website\"},\"datePublished\":\"2024-05-21T12:38:14+00:00\",\"dateModified\":\"2025-08-20T15:44:40+00:00\",\"breadcrumb\":{\"@id\":\"https:\/\/seopartenaireecoles.com\/en\/conditions-generales-de-vente\/#breadcrumb\"},\"inLanguage\":\"en-US\",\"potentialAction\":[{\"@type\":\"ReadAction\",\"target\":[\"https:\/\/seopartenaireecoles.com\/en\/conditions-generales-de-vente\/\"]}]},{\"@type\":\"BreadcrumbList\",\"@id\":\"https:\/\/seopartenaireecoles.com\/en\/conditions-generales-de-vente\/#breadcrumb\",\"itemListElement\":[{\"@type\":\"ListItem\",\"position\":1,\"name\":\"Accueil\",\"item\":\"https:\/\/seopartenaireecoles.com\/en\/\"},{\"@type\":\"ListItem\",\"position\":2,\"name\":\"Conditions g\u00e9n\u00e9rales de vente\"}]},{\"@type\":\"WebSite\",\"@id\":\"https:\/\/seopartenaireecoles.com\/en\/#website\",\"url\":\"https:\/\/seopartenaireecoles.com\/en\/\",\"name\":\"EN\",\"description\":\"\",\"potentialAction\":[{\"@type\":\"SearchAction\",\"target\":{\"@type\":\"EntryPoint\",\"urlTemplate\":\"https:\/\/seopartenaireecoles.com\/en\/?s={search_term_string}\"},\"query-input\":{\"@type\":\"PropertyValueSpecification\",\"valueRequired\":true,\"valueName\":\"search_term_string\"}}],\"inLanguage\":\"en-US\"}]}<\/script>\n<!-- \/ Yoast SEO plugin. -->","yoast_head_json":{"title":"Conditions g\u00e9n\u00e9rales de vente - EN","robots":{"index":"noindex","follow":"follow"},"og_locale":"en_US","og_type":"article","og_title":"Conditions g\u00e9n\u00e9rales de vente - EN","og_description":"Toute commande dans notre boutique implique l\u2019acceptation de nos conditions g\u00e9n\u00e9rales de ventes. \u2022 IdentificationRaison sociale : Rank-BrainSi\u00e8ge social : 32b, rue des Villas, 33110, Le Bouscat \u2013 FranceT\u00e9l\u00e9phone : 06 30 46 35 05E-mail : contact@rank-brain.frSite web : https:\/\/seopartenaireecoles.com\/enN\u00b0 SIRET : 98885991400018 \u2022 Conditions g\u00e9n\u00e9rales de ventesPr\u00e9ambuleLe site seopartenaireecoles.com\/en est la propri\u00e9t\u00e9 de la [&hellip;]","og_url":"https:\/\/seopartenaireecoles.com\/en\/conditions-generales-de-vente\/","og_site_name":"EN","article_modified_time":"2025-08-20T15:44:40+00:00","twitter_card":"summary_large_image","twitter_misc":{"Est. reading time":"7 minutes"},"schema":{"@context":"https:\/\/schema.org","@graph":[{"@type":"WebPage","@id":"https:\/\/seopartenaireecoles.com\/en\/conditions-generales-de-vente\/","url":"https:\/\/seopartenaireecoles.com\/en\/conditions-generales-de-vente\/","name":"Conditions g\u00e9n\u00e9rales de vente - EN","isPartOf":{"@id":"https:\/\/seopartenaireecoles.com\/en\/#website"},"datePublished":"2024-05-21T12:38:14+00:00","dateModified":"2025-08-20T15:44:40+00:00","breadcrumb":{"@id":"https:\/\/seopartenaireecoles.com\/en\/conditions-generales-de-vente\/#breadcrumb"},"inLanguage":"en-US","potentialAction":[{"@type":"ReadAction","target":["https:\/\/seopartenaireecoles.com\/en\/conditions-generales-de-vente\/"]}]},{"@type":"BreadcrumbList","@id":"https:\/\/seopartenaireecoles.com\/en\/conditions-generales-de-vente\/#breadcrumb","itemListElement":[{"@type":"ListItem","position":1,"name":"Accueil","item":"https:\/\/seopartenaireecoles.com\/en\/"},{"@type":"ListItem","position":2,"name":"Conditions g\u00e9n\u00e9rales de vente"}]},{"@type":"WebSite","@id":"https:\/\/seopartenaireecoles.com\/en\/#website","url":"https:\/\/seopartenaireecoles.com\/en\/","name":"EN","description":"","potentialAction":[{"@type":"SearchAction","target":{"@type":"EntryPoint","urlTemplate":"https:\/\/seopartenaireecoles.com\/en\/?s={search_term_string}"},"query-input":{"@type":"PropertyValueSpecification","valueRequired":true,"valueName":"search_term_string"}}],"inLanguage":"en-US"}]}},"_links":{"self":[{"href":"https:\/\/seopartenaireecoles.com\/en\/wp-json\/wp\/v2\/pages\/98","targetHints":{"allow":["GET"]}}],"collection":[{"href":"https:\/\/seopartenaireecoles.com\/en\/wp-json\/wp\/v2\/pages"}],"about":[{"href":"https:\/\/seopartenaireecoles.com\/en\/wp-json\/wp\/v2\/types\/page"}],"author":[{"embeddable":true,"href":"https:\/\/seopartenaireecoles.com\/en\/wp-json\/wp\/v2\/users\/1"}],"replies":[{"embeddable":true,"href":"https:\/\/seopartenaireecoles.com\/en\/wp-json\/wp\/v2\/comments?post=98"}],"version-history":[{"count":2,"href":"https:\/\/seopartenaireecoles.com\/en\/wp-json\/wp\/v2\/pages\/98\/revisions"}],"predecessor-version":[{"id":432,"href":"https:\/\/seopartenaireecoles.com\/en\/wp-json\/wp\/v2\/pages\/98\/revisions\/432"}],"wp:attachment":[{"href":"https:\/\/seopartenaireecoles.com\/en\/wp-json\/wp\/v2\/media?parent=98"}],"curies":[{"name":"wp","href":"https:\/\/api.w.org\/{rel}","templated":true}]}}